{"id":947,"date":"2022-03-09T11:39:50","date_gmt":"2022-03-09T10:39:50","guid":{"rendered":"http:\/\/www.haknk.info\/toolino\/?page_id=947"},"modified":"2025-02-25T09:17:12","modified_gmt":"2025-02-25T08:17:12","slug":"smarte-uebungsfirma","status":"publish","type":"page","link":"http:\/\/www.haknk.info\/toolino\/?page_id=947","title":{"rendered":"Smarte\/Digitale \u00dcbungsfirma"},"content":{"rendered":"<p>Die \u00dcbungsfirma TOOLINO verschreibt sich den Zielen der SMARTEN \u00dcbungsfirma.<br \/>\nViele T\u00e4tigkeiten und Gesch\u00e4ftsprozesse sind digital abgebildet und werden digital durchgef\u00fchrt:<\/p>\n<ul>\n<li>Wir bieten unsere Produkte in unserem ACT-Webshop an <a href=\"https:\/\/actionmall.act.at\/shop\/246\/\">https:\/\/actionmall.act.at\/shop\/246\/<\/a><\/li>\n<li>Wir sind auf den Social-Media-Kan\u00e4len <a href=\"https:\/\/www.facebook.com\/toolino.warenhandelsgembh.1\" target=\"_blank\" rel=\"noopener\">Faceboo<\/a>k und <a href=\"https:\/\/www.instagram.com\/toolinowarenhandelsgmbh\/\" target=\"_blank\" rel=\"noopener\">Instagram<\/a> aktiv<\/li>\n<li>Wir f\u00fchren Videokonferenzen mit unseren Gesch\u00e4ftspartnern durch<\/li>\n<li>Wir nutzen Office365 in der t\u00e4glichen \u00dcbungsfirmenarbeit (Outlook, OneDrive, Teams, MS-Forms)<\/li>\n<li>Wir arbeiten mit s\u00e4mtlichen elektronischen ACT-Tools (ACT-FinanzOnline, ACT-Banking, ACT-Transport, Elda)<\/li>\n<li>Viele interne Routinet\u00e4tigkeiten werden elektronisch durchgef\u00fchrt\n<ul>\n<li>Posteingangsbuch<\/li>\n<li>Gehaltsabrechnung mit WIN-Lohn<\/li>\n<li>Buchhaltung und Rechnungslegung mit WINLINE<\/li>\n<li>Verwaltung der Eingangsrechnungen<\/li>\n<\/ul>\n<\/li>\n<\/ul>\n","protected":false},"excerpt":{"rendered":"<p>Die \u00dcbungsfirma TOOLINO verschreibt sich den Zielen der SMARTEN \u00dcbungsfirma. Viele T\u00e4tigkeiten und Gesch\u00e4ftsprozesse sind digital abgebildet und werden digital durchgef\u00fchrt: Wir bieten unsere Produkte in unserem ACT-Webshop an https:\/\/actionmall.act.at\/shop\/246\/ Wir sind auf den Social-Media-Kan\u00e4len Facebook und Instagram aktiv Wir f\u00fchren Videokonferenzen mit unseren Gesch\u00e4ftspartnern durch Wir nutzen Office365 in der t\u00e4glichen \u00dcbungsfirmenarbeit (Outlook, OneDrive, <a class=\"more-link\" href=\"http:\/\/www.haknk.info\/toolino\/?page_id=947\">weiterlesen&#8230;<\/a><\/p>\n","protected":false},"author":3,"featured_media":0,"parent":0,"menu_order":0,"comment_status":"closed","ping_status":"closed","template":"","meta":{"footnotes":""},"class_list":["post-947","page","type-page","status-publish","hentry"],"_links":{"self":[{"href":"http:\/\/www.haknk.info\/toolino\/index.php?rest_route=\/wp\/v2\/pages\/947","targetHints":{"allow":["GET"]}}],"collection":[{"href":"http:\/\/www.haknk.info\/toolino\/index.php?rest_route=\/wp\/v2\/pages"}],"about":[{"href":"http:\/\/www.haknk.info\/toolino\/index.php?rest_route=\/wp\/v2\/types\/page"}],"author":[{"embeddable":true,"href":"http:\/\/www.haknk.info\/toolino\/index.php?rest_route=\/wp\/v2\/users\/3"}],"replies":[{"embeddable":true,"href":"http:\/\/www.haknk.info\/toolino\/index.php?rest_route=%2Fwp%2Fv2%2Fcomments&post=947"}],"version-history":[{"count":3,"href":"http:\/\/www.haknk.info\/toolino\/index.php?rest_route=\/wp\/v2\/pages\/947\/revisions"}],"predecessor-version":[{"id":1363,"href":"http:\/\/www.haknk.info\/toolino\/index.php?rest_route=\/wp\/v2\/pages\/947\/revisions\/1363"}],"wp:attachment":[{"href":"http:\/\/www.haknk.info\/toolino\/index.php?rest_route=%2Fwp%2Fv2%2Fmedia&parent=947"}],"curies":[{"name":"wp","href":"https:\/\/api.w.org\/{rel}","templated":true}]}}