{"id":7,"date":"2018-09-20T16:57:18","date_gmt":"2018-09-20T14:57:18","guid":{"rendered":"http:\/\/www.haknk.info\/toolino\/?page_id=7"},"modified":"2022-11-30T12:15:19","modified_gmt":"2022-11-30T11:15:19","slug":"agbs","status":"publish","type":"page","link":"http:\/\/www.haknk.info\/toolino\/?page_id=7","title":{"rendered":"AGBs"},"content":{"rendered":"<p><span style=\"font-family: verdana,geneva;\"><strong>Geltungsbereich<\/strong><br \/>\nF\u00fcr alle gegenseitigen Anspr\u00fcche aus und im Zusammenhang mit einem Vertragsabschluss gelten stets diese Allgemeinen Gesch\u00e4ftsbedingungen in ihrer zum Zeitpunkt des jeweiligen Vertragsabschlusses g\u00fcltigen Fassung.<\/span><\/p>\n<p><span style=\"font-family: verdana,geneva;\"><strong>Preis\u00e4nderungen<\/strong><br \/>\nDie Preise entnehmen Sie der Produktinformation. Bei Preis\u00e4nderungen zwischen Ihrer Bestellung und Auslieferung verrechnen wir den g\u00fcnstigeren Preis (Sonderaktionen sind davon ausgenommen). S\u00e4mtliche Preise in unserem Katalog sind in EUR und\u00a0<strong>exklusive Umsatzsteuer<\/strong>\u00a0angef\u00fchrt.<\/span><\/p>\n<p><span style=\"font-family: verdana,geneva;\"><strong>Gew\u00e4hrleistung<\/strong><br \/>\nWir leisten Gew\u00e4hr im Rahmen der gesetzlichen Fristen, sofern keine dar\u00fcber hinausgehende Herstellergew\u00e4hrleistung oder Herstellergarantie f\u00fcr das Produkt einger\u00e4umt wird. Ob f\u00fcr das Produkt eine solche Herstellergarantie besteht, entnehmen Sie der Produktinformation. Ist eine\u00a0 Gew\u00e4hrleistungs-\/Garantiereparatur erforderlich, k\u00f6nnen Sie die Ware an unsere Zentrale \u00fcbersenden. Im Falle der \u00dcbersendung reist die Ware auf unsere Gefahr. Stellt sich heraus, dass kein gew\u00e4hrleistungs-\/garantiepflichtiger Mangel vorliegt (z.B. Fehlbedienung, Fremdeinwirkung etc.) verrechnen wir Ihnen den uns entstandenen Aufwand (wie z.B. Transportkosten, Kosten der Waren\u00fcberpr\u00fcfung). Die reparierte Ware wird entsprechend Ihrem Wunsch entweder an Sie zur\u00fcckgesandt oder abholbereit gehalten.<\/span><\/p>\n<p><span style=\"font-family: verdana,geneva;\"><strong>R\u00fccktrittsrecht<\/strong><br \/>\nVon dem im Wege des Fernabsatzes (z.B. \u00fcber Internet-Bestellung) abgeschlossenen Vertrag k\u00f6nnen Sie innerhalb einer Frist von 14 Werktagen (Samstag z\u00e4hlt nicht als Werktag) ab dem Eintreffen der Ware zur\u00fccktreten. In Ihrem eigenen Interesse empfiehlt es sich, die R\u00fccktrittserkl\u00e4rung eingeschrieben abzusenden. Bei rechtzeitigem R\u00fccktritt sind Sie verpflichtet, die Ware auf Ihre Kosten an uns zur\u00fcckzusenden. Nach Erhalt der Ware wird diese auf Vollst\u00e4ndigkeit, Unversehrtheit sowie Funktionalit\u00e4t gepr\u00fcft. Ist die Ware unbesch\u00e4digt und vollst\u00e4ndig, erhalten Sie den Kaufpreis auf das von Ihnen bekannt gegebene Konto zur\u00fcckbezahlt. Lieferkosten werden nicht r\u00fcck \u00fcberwiesen. Ist die Ware besch\u00e4digt oder unvollst\u00e4ndig, verrechnen wir Ihnen den Wert der Minderung durch Abzug von dem zur\u00fcckzuzahlenden Kaufpreis. Geben Sie keine Bankverbindung an, erfolgt die Anweisung des Geldes postalisch an die von Ihnen genannte Adresse. Die Kosten der Postanweisung sind durch Sie zu tragen.<\/span><\/p>\n<p><span style=\"font-family: verdana,geneva;\"><strong>Zahlungsbedingungen<\/strong><br \/>\nPer Kreditkarte: Sie geben einfach Ihre Kreditkartennummer an (mittels automatischer SSL-Verschl\u00fcsselung sind Ihre Daten sicher!); es entstehen keine weiteren Kosten f\u00fcr Sie.<\/span><\/p>\n<p>Per Nachnahme: Sie bezahlen direkt bei der Zustellung zzgl. Nachnahmegeb\u00fchr<\/p>\n<p>Stattpreise sind unsere bisher g\u00fcltigen Verkaufspreise. Vorbehaltlich Satz- und Druckfehler.<\/p>\n<p>Zahlung innerhalb von 30 Tagen ab Rechnungsdatum 2 % Skonto, 60 Tage netto. Verzugszinsen: 12 % p.a.<\/p>\n<p><span style=\"font-family: verdana,geneva;\"><strong>Lieferbedingungen<\/strong><br \/>\nMindestbestellwert \u20ac 40,&#8211; netto, Abgabe in geschlossenen Verpackungseinheiten. Bei Bahn- und Postversand \u00fcber \u20ac180,- Auftragswert frei Haus. F\u00fcr Lieferungen unter \u20ac 180,- werden \u20ac10,- Postversandgeb\u00fchr verrechnet.<\/span><\/p>\n<p><span style=\"font-family: verdana,geneva;\"><b>Eigentumsvorbehalt<br \/>\n<\/b>Die Ware bleibt bis zur vollst\u00e4ndigen Bezahlung im Eigentum der TOOLINO GmbH.<\/span><\/p>\n<p><strong style=\"font-family: verdana, geneva;\">Datenschutz<br \/>\n<\/strong><span style=\"font-family: verdana,geneva;\">Ihre Daten werden nicht an Dritte weitergegeben! Dazu werden Ihre Daten verwendet:<\/span><\/p>\n<ul>\n<li><span style=\"font-family: verdana,geneva;\">F\u00fcr die einwandfreie Abwicklung Ihrer Bestellung.<\/span><\/li>\n<li><span style=\"font-family: verdana,geneva;\">Um Ihnen das Einkaufen leichter zu machen.<\/span><\/li>\n<li><span style=\"font-family: verdana,geneva;\">Um Sie \u00fcber Neuheiten zu informieren (bis auf Widerruf von Ihnen).<\/span><\/li>\n<\/ul>\n","protected":false},"excerpt":{"rendered":"<p>Geltungsbereich F\u00fcr alle gegenseitigen Anspr\u00fcche aus und im Zusammenhang mit einem Vertragsabschluss gelten stets diese Allgemeinen Gesch\u00e4ftsbedingungen in ihrer zum Zeitpunkt des jeweiligen Vertragsabschlusses g\u00fcltigen Fassung. Preis\u00e4nderungen Die Preise entnehmen Sie der Produktinformation. Bei Preis\u00e4nderungen zwischen Ihrer Bestellung und Auslieferung verrechnen wir den g\u00fcnstigeren Preis (Sonderaktionen sind davon ausgenommen). S\u00e4mtliche Preise in unserem Katalog sind <a class=\"more-link\" href=\"http:\/\/www.haknk.info\/toolino\/?page_id=7\">weiterlesen&#8230;<\/a><\/p>\n","protected":false},"author":1,"featured_media":0,"parent":0,"menu_order":0,"comment_status":"closed","ping_status":"closed","template":"","meta":{"footnotes":""},"class_list":["post-7","page","type-page","status-publish","hentry"],"_links":{"self":[{"href":"http:\/\/www.haknk.info\/toolino\/index.php?rest_route=\/wp\/v2\/pages\/7","targetHints":{"allow":["GET"]}}],"collection":[{"href":"http:\/\/www.haknk.info\/toolino\/index.php?rest_route=\/wp\/v2\/pages"}],"about":[{"href":"http:\/\/www.haknk.info\/toolino\/index.php?rest_route=\/wp\/v2\/types\/page"}],"author":[{"embeddable":true,"href":"http:\/\/www.haknk.info\/toolino\/index.php?rest_route=\/wp\/v2\/users\/1"}],"replies":[{"embeddable":true,"href":"http:\/\/www.haknk.info\/toolino\/index.php?rest_route=%2Fwp%2Fv2%2Fcomments&post=7"}],"version-history":[{"count":6,"href":"http:\/\/www.haknk.info\/toolino\/index.php?rest_route=\/wp\/v2\/pages\/7\/revisions"}],"predecessor-version":[{"id":1026,"href":"http:\/\/www.haknk.info\/toolino\/index.php?rest_route=\/wp\/v2\/pages\/7\/revisions\/1026"}],"wp:attachment":[{"href":"http:\/\/www.haknk.info\/toolino\/index.php?rest_route=%2Fwp%2Fv2%2Fmedia&parent=7"}],"curies":[{"name":"wp","href":"https:\/\/api.w.org\/{rel}","templated":true}]}}