{"id":66,"date":"2018-09-21T12:16:30","date_gmt":"2018-09-21T10:16:30","guid":{"rendered":"http:\/\/www.haknk.info\/toolino\/?page_id=66"},"modified":"2026-01-30T10:15:28","modified_gmt":"2026-01-30T09:15:28","slug":"2000-2004","status":"publish","type":"page","link":"http:\/\/www.haknk.info\/toolino\/?page_id=66","title":{"rendered":"Aktuell (2025\/2026)"},"content":{"rendered":"<ul>\n<li>2025<\/li>\n<\/ul>\n<p>Einf\u00fchrung einer neuen Dienstleistung: Erstellung von Hilfe- und Anleitungsvideos f\u00fcr Gartenprodukte<\/p>\n<ul>\n<li>2026<\/li>\n<\/ul>\n<p>Teilnahme an der \u00dcbungsfirmenmesse Prag<\/p>\n<p>Teilnahme am Qualit\u00e4tsaudit zur \u00dcberpr\u00fcfung der Unternehmens- und Prozessqualit\u00e4t<br data-start=\"481\" data-end=\"484\" data-is-only-node=\"\" \/><\/p>\n","protected":false},"excerpt":{"rendered":"<p>2025 Einf\u00fchrung einer neuen Dienstleistung: Erstellung von Hilfe- und Anleitungsvideos f\u00fcr Gartenprodukte 2026 Teilnahme an der \u00dcbungsfirmenmesse Prag Teilnahme am Qualit\u00e4tsaudit zur \u00dcberpr\u00fcfung der Unternehmens- und Prozessqualit\u00e4t<\/p>\n","protected":false},"author":1,"featured_media":0,"parent":0,"menu_order":0,"comment_status":"closed","ping_status":"closed","template":"","meta":{"footnotes":""},"class_list":["post-66","page","type-page","status-publish","hentry"],"_links":{"self":[{"href":"http:\/\/www.haknk.info\/toolino\/index.php?rest_route=\/wp\/v2\/pages\/66","targetHints":{"allow":["GET"]}}],"collection":[{"href":"http:\/\/www.haknk.info\/toolino\/index.php?rest_route=\/wp\/v2\/pages"}],"about":[{"href":"http:\/\/www.haknk.info\/toolino\/index.php?rest_route=\/wp\/v2\/types\/page"}],"author":[{"embeddable":true,"href":"http:\/\/www.haknk.info\/toolino\/index.php?rest_route=\/wp\/v2\/users\/1"}],"replies":[{"embeddable":true,"href":"http:\/\/www.haknk.info\/toolino\/index.php?rest_route=%2Fwp%2Fv2%2Fcomments&post=66"}],"version-history":[{"count":7,"href":"http:\/\/www.haknk.info\/toolino\/index.php?rest_route=\/wp\/v2\/pages\/66\/revisions"}],"predecessor-version":[{"id":1597,"href":"http:\/\/www.haknk.info\/toolino\/index.php?rest_route=\/wp\/v2\/pages\/66\/revisions\/1597"}],"wp:attachment":[{"href":"http:\/\/www.haknk.info\/toolino\/index.php?rest_route=%2Fwp%2Fv2%2Fmedia&parent=66"}],"curies":[{"name":"wp","href":"https:\/\/api.w.org\/{rel}","templated":true}]}}