{"id":62,"date":"2018-09-21T12:14:40","date_gmt":"2018-09-21T10:14:40","guid":{"rendered":"http:\/\/www.haknk.info\/toolino\/?page_id=62"},"modified":"2026-01-30T10:09:49","modified_gmt":"2026-01-30T09:09:49","slug":"62-2","status":"publish","type":"page","link":"http:\/\/www.haknk.info\/toolino\/?page_id=62","title":{"rendered":"1996-2025"},"content":{"rendered":"\n<div class=\"wp-block-group\"><div class=\"wp-block-group__inner-container is-layout-constrained wp-block-group-is-layout-constrained\">\n<ul>\n<li><strong>1996\/1997<\/strong><\/li>\n<\/ul>\n<p>Erstmalige Mitarbeit der Sch\u00fcler an einem Praxistag bei der Partnerfirma Konrath<\/p>\n<p>Mithilfe beim gr\u00f6\u00dften Weihnachtsmarkt im s\u00fcdlichen Nieder\u00f6sterreich.<\/p>\n<p class=\"caption\">__________________________________________________________________<\/p>\n<ul>\n<li><strong>1997\/1998<\/strong><\/li>\n<\/ul>\n<p>Erweiterung der PC-Ausstattung mit Windows NT-Netzwerk<\/p>\n<p>Erstellung eines neuen Katalogs<\/p>\n<p>Teilnahme an der 3. N\u00d6 \u00dcbungsfirmenmesse in Amstetten<\/p>\n<p>__________________________________________________________________<\/p>\n<ul>\n<li><strong>1998\/1999<\/strong><\/li>\n<\/ul>\n<p>Eine HAS-Klasse \u00fcbernimmt die F\u00fchrung der Toolino<\/p>\n<p>Im Dezember findet die j\u00e4hrliche Hausmesse am Tag der offenen T\u00fcr statt<\/p>\n<p>__________________________________________________________________<\/p>\n<ul>\n<li><strong>1999\/2000<\/strong><\/li>\n<\/ul>\n<p>Teilnahme an der \u00dcFA-Messe in Hollabrunn<\/p>\n<p>Ablauforganisation wird neu festgelegt und dokumentiert<\/p>\n<p>Erstellung einer Homepage in den Sprachen Deutsch, Englisch und Franz\u00f6sisch<\/p>\n<p>Ein Online-Shop wird eingerichtet<\/p>\n<p>Englisch- und Franz\u00f6sischlehrer werden in die \u00dcFA-Arbeit mit je einer Stunde eingebunden<\/p>\n<div class=\"entry-content\">\n<ul>\n<li><strong>2000\/2001<\/strong><\/li>\n<\/ul>\n<p>Einstellungsgespr\u00e4che aufgrund schriftlicher Bewerbungen werden durchgef\u00fchrt<\/p>\n<p>Internetbanking l\u00f6st die Modeml\u00f6sung ab.<\/p>\n<p>__________________________________________________________________<\/p>\n<ul>\n<li><strong>2001\/2002<\/strong><\/li>\n<\/ul>\n<p>Umstellung und Erweiterung der PC-Ausstattung auf 19 Arbeitspl\u00e4tze<\/p>\n<p>\u00dcberarbeitung der mehrsprachigen Firmenhomepage<\/p>\n<p>Webshop bei COMNET wird eingerichtet<\/p>\n<p>Umstellung der FIBU und Lagerbuchhaltung auf Euro<\/p>\n<p>Neugestaltung der Arbeitsablaufpl\u00e4ne samt Dokumentation<\/p>\n<p>Pr\u00e4sentation der Abteilungen auf Englisch und Franz\u00f6sisch<\/p>\n<p>__________________________________________________________________<\/p>\n<ul>\n<li><strong>2002\/2003<\/strong><\/li>\n<\/ul>\n<p>Teilnahme am Wettbewerb \u201eQualit\u00e4tsmarke \u00dcFA\u201c<\/p>\n<p>Die Zertifizierung wurde erreicht und ist bis Juni 2005 g\u00fcltig<\/p>\n<p>__________________________________________________________________<\/p>\n<ul>\n<li><strong>2003\/2004<\/strong><\/li>\n<\/ul>\n<p>\u00dcberarbeitung des Sortiments<\/p>\n<p>Neuer Katalog in Deutsch, Englisch und Franz\u00f6sisch wurde erstellt<\/p>\n<p>Webshops (auf Homepage und COMNET Webshop) werden aktualisiert<\/p>\n<div class=\"entry-content\">\n<ul>\n<li><strong>2004\/2005<\/strong><\/li>\n<\/ul>\n<p>Teilnahme am Wettbewerb \u201eQualit\u00e4tsmarke \u00dcFA\u201c<\/p>\n<p>Teilnahme an der 5. \u00f6sterreichischen \u00dcFA-Messe<\/p>\n<p>__________________________________________________________________<\/p>\n<ul>\n<li><strong>2005\/2006<\/strong><\/li>\n<\/ul>\n<p>Neue Kataloge in Deutsch, Englisch und Franz\u00f6sich werden angeboten<\/p>\n<p>Webshops werden upgedated<\/p>\n<p>Am Tag der offenen T\u00fcr haben wir einen Christkindl Markt.<\/p>\n<p>__________________________________________________________________<\/p>\n<ul>\n<li><strong>2006\/2007<\/strong><\/li>\n<\/ul>\n<p>Teilnahme an der Hausmesse am Tag der offenen T\u00fcr<\/p>\n<p>__________________________________________________________________<\/p>\n<ul>\n<li><strong>2007\/2008<\/strong><\/li>\n<\/ul>\n<p>Neue Kataloge in Deutsch, Englisch und Franz\u00f6sich werden angeboten<\/p>\n<p>Teilnahme an der Hausmesse am Tag der offenen T\u00fcr<\/p>\n<p>Erstellen einer neuen Homepage mit Webshop<\/p>\n<div class=\"entry-content\">\n<ul>\n<li><strong>2008\/2009<\/strong><\/li>\n<\/ul>\n<p>Pr\u00e4sentation der Partnerfirma Konrath Gartencenter am Tag der offnen T\u00fcr<\/p>\n<p>Teilnahme an der \u00dcFA-Messe am Semmering<\/p>\n<p>Zertifikat der Qualit\u00e4tsmarke \u00dcFA erreicht<\/p>\n<p>__________________________________________________________________<\/p>\n<ul>\n<li><strong>2009\/2010<\/strong><\/li>\n<\/ul>\n<p>Pr\u00e4sentation der Partnerfirma Konrath Gartencenter am Tag der offnen T\u00fcr<\/p>\n<p>Teilnahme an der \u00dcFA-Messe am Semmering<\/p>\n<p>Zertifikat der Qualit\u00e4tsmarke \u00dcFA erreicht<\/p>\n<p>__________________________________________________________________<\/p>\n<ul>\n<li><strong>2010\/2011<\/strong><\/li>\n<\/ul>\n<p>Pr\u00e4sentation der Partnerfirma Konrath Gartencenter am Tag der offnen T\u00fcr<\/p>\n<p>Teilnahme an der \u00dcFA-Messe in Prag<\/p>\n<p>Zertifikat der Qualit\u00e4tsmarke \u00dcFA erreicht<\/p>\n<p>Zusammenarbeit mit der 2. Partnerfirma Dyson beginnt<\/p>\n<p>Die ersten Dyson-Handtrockner werden verkauft<\/p>\n<p>__________________________________________________________________<\/p>\n<ul>\n<li><strong>2011\/2012<\/strong><\/li>\n<\/ul>\n<p>Pr\u00e4sentation der \u00dcFA am Tag der offenen T\u00fcre<\/p>\n<p>Teilnahme an der \u00dcFA-Messe in Prag<\/p>\n<p>Neues Dyson Produkt eingef\u00fchrt<\/p>\n<p>Dysonstaubsauger werden ins Toolino-Sortiment aufgenommen<\/p>\n<p>____________________________________________________________________<\/p>\n<div class=\"entry-content\">\n<ul>\n<li><strong>2013<\/strong><\/li>\n<\/ul>\n<p>Teilnahme an der 19. \u00dcFA-Messe in Prag<\/p>\n<p>Die 4bk hat die Toolino WarenhandelsgesmbH heuer \u00fcbernommen<\/p>\n<p>Am Tag der offenen T\u00fcr\u00a029.11. und 30.11.2013 stellen wir unsere \u00dcbungsfirma vor<\/p>\n<p>____________________________________________________________________<\/p>\n<ul>\n<li><strong>2014<\/strong><\/li>\n<\/ul>\n<p>Teilnahme am Wettbewerb \u201eQualit\u00e4tsmarke \u00dcFA 2013\/2014\u201c<\/p>\n<p>Zertifikat der Qualit\u00e4tsmarke \u00dcFA erreicht<\/p>\n<p>Neue Dyson-Produkte (Dyson Tab und Dyson V) werden vom 17.-19. M\u00e4rz auf der \u00dcFA-Messe Prag pr\u00e4sentiert<\/p>\n<p>3.Platz beim Video-Wettbewerb \u201eMy Country in 3 Minutes\u201c in Prag<\/p>\n<p>____________________________________________________________________<\/p>\n<div class=\"entry-content\">\n<ul>\n<li><strong>2015<\/strong><\/li>\n<\/ul>\n<p>Teilnahme am Wettbewerb \u201eQualit\u00e4tsmarke \u00dcFA 2014\/2015\u201c<\/p>\n<p>____________________________________________________________________<\/p>\n<ul>\n<li><strong>2016<\/strong><\/li>\n<\/ul>\n<p>Teilnahme am Wettbewerb \u201eQualit\u00e4tsmarke \u00dcFA 2015\/2016\u201c<\/p>\n<p>____________________________________________________________________<\/p>\n<ul>\n<li><strong>2018-2020<\/strong><\/li>\n<\/ul>\n<p>Teilnahme am Wettbewerb \u201eQualit\u00e4tsmarke \u00dcFA \u201c<\/p>\n<p>____________________________________________________________________<\/p>\n<ul>\n<li><strong>2022-2025<\/strong><\/li>\n<\/ul>\n<p>Teilnahme am Wettbewerb \u201eQualit\u00e4tsmarke \u00dcFA \u201c<br \/>2024 ebenfalls Teilnahme an der \u00dcFA-Messe in Prag<\/p>\n<\/div>\n<\/div>\n<\/div>\n<\/div>\n<\/div>\n<\/div><\/div>\n","protected":false},"excerpt":{"rendered":"<p>1996\/1997 Erstmalige Mitarbeit der Sch\u00fcler an einem Praxistag bei der Partnerfirma Konrath Mithilfe beim gr\u00f6\u00dften Weihnachtsmarkt im s\u00fcdlichen Nieder\u00f6sterreich. __________________________________________________________________ 1997\/1998 Erweiterung der PC-Ausstattung mit Windows NT-Netzwerk Erstellung eines neuen Katalogs Teilnahme an der 3. N\u00d6 \u00dcbungsfirmenmesse in Amstetten __________________________________________________________________ 1998\/1999 Eine HAS-Klasse \u00fcbernimmt die F\u00fchrung der Toolino Im Dezember findet die j\u00e4hrliche Hausmesse am <a class=\"more-link\" href=\"http:\/\/www.haknk.info\/toolino\/?page_id=62\">weiterlesen&#8230;<\/a><\/p>\n","protected":false},"author":2,"featured_media":0,"parent":0,"menu_order":0,"comment_status":"closed","ping_status":"closed","template":"","meta":{"footnotes":""},"class_list":["post-62","page","type-page","status-publish","hentry"],"_links":{"self":[{"href":"http:\/\/www.haknk.info\/toolino\/index.php?rest_route=\/wp\/v2\/pages\/62","targetHints":{"allow":["GET"]}}],"collection":[{"href":"http:\/\/www.haknk.info\/toolino\/index.php?rest_route=\/wp\/v2\/pages"}],"about":[{"href":"http:\/\/www.haknk.info\/toolino\/index.php?rest_route=\/wp\/v2\/types\/page"}],"author":[{"embeddable":true,"href":"http:\/\/www.haknk.info\/toolino\/index.php?rest_route=\/wp\/v2\/users\/2"}],"replies":[{"embeddable":true,"href":"http:\/\/www.haknk.info\/toolino\/index.php?rest_route=%2Fwp%2Fv2%2Fcomments&post=62"}],"version-history":[{"count":6,"href":"http:\/\/www.haknk.info\/toolino\/index.php?rest_route=\/wp\/v2\/pages\/62\/revisions"}],"predecessor-version":[{"id":1593,"href":"http:\/\/www.haknk.info\/toolino\/index.php?rest_route=\/wp\/v2\/pages\/62\/revisions\/1593"}],"wp:attachment":[{"href":"http:\/\/www.haknk.info\/toolino\/index.php?rest_route=%2Fwp%2Fv2%2Fmedia&parent=62"}],"curies":[{"name":"wp","href":"https:\/\/api.w.org\/{rel}","templated":true}]}}