{"id":546,"date":"2019-01-18T11:00:14","date_gmt":"2019-01-18T10:00:14","guid":{"rendered":"http:\/\/www.haknk.info\/toolino\/?page_id=546"},"modified":"2023-01-18T12:03:35","modified_gmt":"2023-01-18T11:03:35","slug":"nachhaltigkeit","status":"publish","type":"page","link":"http:\/\/www.haknk.info\/toolino\/?page_id=546","title":{"rendered":"Nachhaltigkeit"},"content":{"rendered":"<p><strong>Unser Unternehmen hat sich der Nachhaltigkeit verschrieben.\u00a0 Folgende Ma\u00dfnahmen haben wir bereits umgesetzt: <\/strong><\/p>\n<ul>\n<li>Recyceln und umweltfreundliche Produkte (Druckpapier, B\u00fcromaterial)<\/li>\n<li>Strom sparen \u2013 durch Ausschalten von unbenutzten Elektroger\u00e4ten<\/li>\n<li>Lichter in B\u00fcror\u00e4umen bei Tageslicht ausschalten und Energiesparlampen benutzen<\/li>\n<li>M\u00fclltrennung<\/li>\n<li>Versuchen Abfall zu reduzieren<\/li>\n<li>nachhaltig produzierten Verpackungsmaterialen verwenden<\/li>\n<li>mehrere Lieferungen gleichzeitig in einem Zustellfahrzeug verschicken<\/li>\n<li>nachhaltige (elektrische) Zustellfahrzeuge beschaffen<\/li>\n<\/ul>\n","protected":false},"excerpt":{"rendered":"<p>Unser Unternehmen hat sich der Nachhaltigkeit verschrieben.\u00a0 Folgende Ma\u00dfnahmen haben wir bereits umgesetzt: Recyceln und umweltfreundliche Produkte (Druckpapier, B\u00fcromaterial) Strom sparen \u2013 durch Ausschalten von unbenutzten Elektroger\u00e4ten Lichter in B\u00fcror\u00e4umen bei Tageslicht ausschalten und Energiesparlampen benutzen M\u00fclltrennung Versuchen Abfall zu reduzieren nachhaltig produzierten Verpackungsmaterialen verwenden mehrere Lieferungen gleichzeitig in einem Zustellfahrzeug verschicken nachhaltige (elektrische) Zustellfahrzeuge <a class=\"more-link\" href=\"http:\/\/www.haknk.info\/toolino\/?page_id=546\">weiterlesen&#8230;<\/a><\/p>\n","protected":false},"author":1,"featured_media":0,"parent":0,"menu_order":0,"comment_status":"closed","ping_status":"closed","template":"","meta":{"footnotes":""},"class_list":["post-546","page","type-page","status-publish","hentry"],"_links":{"self":[{"href":"http:\/\/www.haknk.info\/toolino\/index.php?rest_route=\/wp\/v2\/pages\/546","targetHints":{"allow":["GET"]}}],"collection":[{"href":"http:\/\/www.haknk.info\/toolino\/index.php?rest_route=\/wp\/v2\/pages"}],"about":[{"href":"http:\/\/www.haknk.info\/toolino\/index.php?rest_route=\/wp\/v2\/types\/page"}],"author":[{"embeddable":true,"href":"http:\/\/www.haknk.info\/toolino\/index.php?rest_route=\/wp\/v2\/users\/1"}],"replies":[{"embeddable":true,"href":"http:\/\/www.haknk.info\/toolino\/index.php?rest_route=%2Fwp%2Fv2%2Fcomments&post=546"}],"version-history":[{"count":2,"href":"http:\/\/www.haknk.info\/toolino\/index.php?rest_route=\/wp\/v2\/pages\/546\/revisions"}],"predecessor-version":[{"id":946,"href":"http:\/\/www.haknk.info\/toolino\/index.php?rest_route=\/wp\/v2\/pages\/546\/revisions\/946"}],"wp:attachment":[{"href":"http:\/\/www.haknk.info\/toolino\/index.php?rest_route=%2Fwp%2Fv2%2Fmedia&parent=546"}],"curies":[{"name":"wp","href":"https:\/\/api.w.org\/{rel}","templated":true}]}}