{"id":503,"date":"2018-11-30T12:19:20","date_gmt":"2018-11-30T11:19:20","guid":{"rendered":"http:\/\/www.haknk.info\/toolino\/?page_id=503"},"modified":"2018-11-30T12:28:19","modified_gmt":"2018-11-30T11:28:19","slug":"enonce-de-mission-francais","status":"publish","type":"page","link":"http:\/\/www.haknk.info\/toolino\/?page_id=503","title":{"rendered":"Enonc\u00e9 de mission  fran\u00e7ais"},"content":{"rendered":"<p>Nous nous engageons \u00e0 respecter les principes suivants dans notre politique d&#8217;entreprise et dans notre travail quotidien :<\/p>\n<p>En particulier, nous voulons nous adresser \u00e0 des clients de tous \u00e2ges qui sont dynamiques et enthousiastes \u00e0 l&#8217;\u00e9gard du jardin. De plus, nous voulons rendre la vie plus facile et plus belle pour les personnes au bureau, ce qui s&#8217;applique aussi au foyer.<\/p>\n<p>Notre objectif principal est d&#8217;\u00eatre une entreprise de qualit\u00e9 dans tous les domaines et de garantir la satisfaction de nos clients. La qualit\u00e9 de nos fournisseurs d\u00e9termine la qualit\u00e9 des services que nous offrons \u00e0 nos clients. Tout comme nous garantissons \u00e0 nos fournisseurs 100% d&#8217;exactitude et d&#8217;\u00e9quit\u00e9, nous attendons d&#8217;eux qu&#8217;ils fassent de m\u00eame.<\/p>\n<p>Le plus grand capital de notre entreprise sont nos employ\u00e9s. La gentillesse, la politesse et une apparence appropri\u00e9e et s\u00fbre d&#8217;elle sont les exigences de base d&#8217;un employ\u00e9 de notre entreprise. Chaque individu, et en particulier les managers, sont tenus d&#8217;assurer la coop\u00e9ration, l&#8217;initiative et le partage des responsabilit\u00e9s et de promouvoir le d\u00e9veloppement de leurs employ\u00e9s.<\/p>\n<p>Nous sommes une entreprise \u00e0 but lucratif afin de garantir l&#8217;existence et le d\u00e9velopement \u00e0 long terme de notre entreprise et donc de nos emplois. Nous nous engageons \u00e0 l&#8217;\u00e9quit\u00e9 dans la vie des affaires et au partenariat avec nos clients et fournisseurs.<\/p>\n","protected":false},"excerpt":{"rendered":"<p>Nous nous engageons \u00e0 respecter les principes suivants dans notre politique d&#8217;entreprise et dans notre travail quotidien : En particulier, nous voulons nous adresser \u00e0 des clients de tous \u00e2ges qui sont dynamiques et enthousiastes \u00e0 l&#8217;\u00e9gard du jardin. De plus, nous voulons rendre la vie plus facile et plus belle pour les personnes au <a class=\"more-link\" href=\"http:\/\/www.haknk.info\/toolino\/?page_id=503\">weiterlesen&#8230;<\/a><\/p>\n","protected":false},"author":1,"featured_media":0,"parent":0,"menu_order":0,"comment_status":"closed","ping_status":"closed","template":"","meta":{"footnotes":""},"class_list":["post-503","page","type-page","status-publish","hentry"],"_links":{"self":[{"href":"http:\/\/www.haknk.info\/toolino\/index.php?rest_route=\/wp\/v2\/pages\/503","targetHints":{"allow":["GET"]}}],"collection":[{"href":"http:\/\/www.haknk.info\/toolino\/index.php?rest_route=\/wp\/v2\/pages"}],"about":[{"href":"http:\/\/www.haknk.info\/toolino\/index.php?rest_route=\/wp\/v2\/types\/page"}],"author":[{"embeddable":true,"href":"http:\/\/www.haknk.info\/toolino\/index.php?rest_route=\/wp\/v2\/users\/1"}],"replies":[{"embeddable":true,"href":"http:\/\/www.haknk.info\/toolino\/index.php?rest_route=%2Fwp%2Fv2%2Fcomments&post=503"}],"version-history":[{"count":3,"href":"http:\/\/www.haknk.info\/toolino\/index.php?rest_route=\/wp\/v2\/pages\/503\/revisions"}],"predecessor-version":[{"id":507,"href":"http:\/\/www.haknk.info\/toolino\/index.php?rest_route=\/wp\/v2\/pages\/503\/revisions\/507"}],"wp:attachment":[{"href":"http:\/\/www.haknk.info\/toolino\/index.php?rest_route=%2Fwp%2Fv2%2Fmedia&parent=503"}],"curies":[{"name":"wp","href":"https:\/\/api.w.org\/{rel}","templated":true}]}}