{"id":35,"date":"2018-09-20T20:27:59","date_gmt":"2018-09-20T18:27:59","guid":{"rendered":"http:\/\/www.haknk.info\/toolino\/?page_id=35"},"modified":"2025-12-19T09:14:39","modified_gmt":"2025-12-19T08:14:39","slug":"impressum","status":"publish","type":"page","link":"http:\/\/www.haknk.info\/toolino\/?page_id=35","title":{"rendered":"Impressum"},"content":{"rendered":"<p><strong>Eigent\u00fcmer und Herausgeber dieser Website:<\/strong><strong><br \/>\n<\/strong><\/p>\n<p>Toolino WarenhandelsgesmbH<br \/>\nUID-Nr: ATU60024627<br \/>\nFN: 246<br \/>\nFB-Gericht: ACT<\/p>\n<p>Eine \u00dcbungsfirma der<br \/>\nBHAK, BHAS Neunkirchen<br \/>\nSchillergasse 10, 2620 Neunkirchen<br \/>\nNieder\u00f6sterreich, \u00d6sterreich<\/p>\n<p>Tel: 02635\/68013-30<br \/>\nFax: 02635\/68013-32<br \/>\ntoolino246@uebungsfirmen.at<\/p>\n<p>Mitglied der ACT Wirtschaftskammer<\/p>\n<p align=\"left\"><img loading=\"lazy\" decoding=\"async\" class=\"rg_hi uh_hi\" src=\"http:\/\/t0.gstatic.com\/images?q=tbn:ANd9GcQLkTUYmkvlUWQJuTizDO8hP9dJigXiHssykfZM-_KW68yiRY1h0Q\" width=\"92\" height=\"32\" border=\"0\" \/><\/p>\n<p align=\"left\">Gewerbeordnung: www.ris.bka.gv.at<br \/>\nBezirkshauptmannschaft: ACT-Gemeinde<br \/>\nVerbraucher haben die M\u00f6glichkeit,<br \/>\nBeschwerden an die Online-<br \/>\nStreitbeilegungsplattform der EU zu<br \/>\nrichten: http:\/\/ec.europa.eu\/odr.<\/p>\n<p align=\"left\">Sie k\u00f6nnen allf\u00e4llige Beschwerde auch an<br \/>\ndie oben angegebene E-Mail-Adresse<br \/>\nrichten.<\/p>\n<p align=\"left\">Gesch\u00e4ftsf\u00fchrer\/in: Mag. Stefan H\u00f6fer, Stocker Kathrin MSc<\/p>\n<p align=\"left\">Website: Carina Viola Weiser 4BK<\/p>\n<h3>Branchen, in denen das Unternehmen t\u00e4tig ist<\/h3>\n<ul>\n<li>Handel &#8211; Bau- und Heimwerkerbedarf<\/li>\n<li>Handel &#8211; Beleuchtungsartikeln<\/li>\n<li>Handel &#8211; Blumen und Pflanzen, Saatgut und Gartenbedarf<\/li>\n<li>Handel &#8211; elektrische Haushaltsger\u00e4te<\/li>\n<li>Handel &#8211; Gartencenter<\/li>\n<li>Handel &#8211; Haushaltartikeln, a.n.g.<\/li>\n<li>Handel &#8211; Heiz-, K\u00fchl- u. Gefrierger\u00e4te<\/li>\n<li>Handel &#8211; Maschinen, Werzeuge<\/li>\n<li>Handel &#8211; M\u00f6beln, Einrichtungsgegenst\u00e4nden und Hausrat a.n.g.<\/li>\n<li>Handel &#8211; Waren aller Art<\/li>\n<\/ul>\n<p align=\"left\"><em><strong>Urheberrecht:<\/strong><\/em><\/p>\n<p align=\"left\">Die Verwendung von Inhalten dieser Homepage ist nur mit Genehmigung der BHAK<br \/>\nBHAS Neunkirchen erlaubt und mit ausschlie\u00dflicher Kennzeichnung der Herkunft gestattet.<br \/>\nWeiters \u00fcbernehmen wir keine Haftung f\u00fcr die Inhalte der gelinkten Seiten.<\/p>\n<p align=\"left\">Alle Rechte vorbehalten!<\/p>\n<p><span class=\"Stil1\">Copyright \u00a9 2025<\/span><\/p>\n<p align=\"left\">\n","protected":false},"excerpt":{"rendered":"<p>Eigent\u00fcmer und Herausgeber dieser Website: Toolino WarenhandelsgesmbH UID-Nr: ATU60024627 FN: 246 FB-Gericht: ACT Eine \u00dcbungsfirma der BHAK, BHAS Neunkirchen Schillergasse 10, 2620 Neunkirchen Nieder\u00f6sterreich, \u00d6sterreich Tel: 02635\/68013-30 Fax: 02635\/68013-32 toolino246@uebungsfirmen.at Mitglied der ACT Wirtschaftskammer Gewerbeordnung: www.ris.bka.gv.at Bezirkshauptmannschaft: ACT-Gemeinde Verbraucher haben die M\u00f6glichkeit, Beschwerden an die Online- Streitbeilegungsplattform der EU zu richten: http:\/\/ec.europa.eu\/odr. Sie k\u00f6nnen allf\u00e4llige <a class=\"more-link\" href=\"http:\/\/www.haknk.info\/toolino\/?page_id=35\">weiterlesen&#8230;<\/a><\/p>\n","protected":false},"author":1,"featured_media":0,"parent":0,"menu_order":0,"comment_status":"closed","ping_status":"closed","template":"","meta":{"footnotes":""},"class_list":["post-35","page","type-page","status-publish","hentry"],"_links":{"self":[{"href":"http:\/\/www.haknk.info\/toolino\/index.php?rest_route=\/wp\/v2\/pages\/35","targetHints":{"allow":["GET"]}}],"collection":[{"href":"http:\/\/www.haknk.info\/toolino\/index.php?rest_route=\/wp\/v2\/pages"}],"about":[{"href":"http:\/\/www.haknk.info\/toolino\/index.php?rest_route=\/wp\/v2\/types\/page"}],"author":[{"embeddable":true,"href":"http:\/\/www.haknk.info\/toolino\/index.php?rest_route=\/wp\/v2\/users\/1"}],"replies":[{"embeddable":true,"href":"http:\/\/www.haknk.info\/toolino\/index.php?rest_route=%2Fwp%2Fv2%2Fcomments&post=35"}],"version-history":[{"count":25,"href":"http:\/\/www.haknk.info\/toolino\/index.php?rest_route=\/wp\/v2\/pages\/35\/revisions"}],"predecessor-version":[{"id":1560,"href":"http:\/\/www.haknk.info\/toolino\/index.php?rest_route=\/wp\/v2\/pages\/35\/revisions\/1560"}],"wp:attachment":[{"href":"http:\/\/www.haknk.info\/toolino\/index.php?rest_route=%2Fwp%2Fv2%2Fmedia&parent=35"}],"curies":[{"name":"wp","href":"https:\/\/api.w.org\/{rel}","templated":true}]}}