{"id":345,"date":"2018-10-19T09:23:42","date_gmt":"2018-10-19T07:23:42","guid":{"rendered":"http:\/\/www.haknk.info\/toolino\/?page_id=345"},"modified":"2025-11-07T09:52:08","modified_gmt":"2025-11-07T08:52:08","slug":"organigramm-2","status":"publish","type":"page","link":"http:\/\/www.haknk.info\/toolino\/?page_id=345","title":{"rendered":"Organigramm DE"},"content":{"rendered":"<p><img loading=\"lazy\" decoding=\"async\" class=\"alignnone size-full wp-image-1269\" src=\"http:\/\/www.haknk.info\/toolino\/wp-content\/uploads\/2024\/09\/Organigram.png\" alt=\"\" width=\"1078\" height=\"707\" srcset=\"http:\/\/www.haknk.info\/toolino\/wp-content\/uploads\/2024\/09\/Organigram.png 1078w, http:\/\/www.haknk.info\/toolino\/wp-content\/uploads\/2024\/09\/Organigram-300x197.png 300w, http:\/\/www.haknk.info\/toolino\/wp-content\/uploads\/2024\/09\/Organigram-1024x672.png 1024w, http:\/\/www.haknk.info\/toolino\/wp-content\/uploads\/2024\/09\/Organigram-768x504.png 768w\" sizes=\"auto, (max-width: 1078px) 100vw, 1078px\" \/><\/p>\n<p>Initialen der Gesch\u00e4ftsf\u00fchrer:<\/p>\n<p>Stocker Kathrin : SRK<\/p>\n<p>H\u00f6fer Stefan: HS<\/p>\n","protected":false},"excerpt":{"rendered":"<p>Initialen der Gesch\u00e4ftsf\u00fchrer: Stocker Kathrin : SRK H\u00f6fer Stefan: HS<\/p>\n","protected":false},"author":1,"featured_media":0,"parent":0,"menu_order":0,"comment_status":"closed","ping_status":"closed","template":"","meta":{"footnotes":""},"class_list":["post-345","page","type-page","status-publish","hentry"],"_links":{"self":[{"href":"http:\/\/www.haknk.info\/toolino\/index.php?rest_route=\/wp\/v2\/pages\/345","targetHints":{"allow":["GET"]}}],"collection":[{"href":"http:\/\/www.haknk.info\/toolino\/index.php?rest_route=\/wp\/v2\/pages"}],"about":[{"href":"http:\/\/www.haknk.info\/toolino\/index.php?rest_route=\/wp\/v2\/types\/page"}],"author":[{"embeddable":true,"href":"http:\/\/www.haknk.info\/toolino\/index.php?rest_route=\/wp\/v2\/users\/1"}],"replies":[{"embeddable":true,"href":"http:\/\/www.haknk.info\/toolino\/index.php?rest_route=%2Fwp%2Fv2%2Fcomments&post=345"}],"version-history":[{"count":12,"href":"http:\/\/www.haknk.info\/toolino\/index.php?rest_route=\/wp\/v2\/pages\/345\/revisions"}],"predecessor-version":[{"id":1476,"href":"http:\/\/www.haknk.info\/toolino\/index.php?rest_route=\/wp\/v2\/pages\/345\/revisions\/1476"}],"wp:attachment":[{"href":"http:\/\/www.haknk.info\/toolino\/index.php?rest_route=%2Fwp%2Fv2%2Fmedia&parent=345"}],"curies":[{"name":"wp","href":"https:\/\/api.w.org\/{rel}","templated":true}]}}