{"id":24,"date":"2018-09-20T17:15:00","date_gmt":"2018-09-20T15:15:00","guid":{"rendered":"http:\/\/www.haknk.info\/toolino\/?page_id=24"},"modified":"2025-11-28T10:12:21","modified_gmt":"2025-11-28T09:12:21","slug":"leitbild","status":"publish","type":"page","link":"http:\/\/www.haknk.info\/toolino\/?page_id=24","title":{"rendered":"Leitbild"},"content":{"rendered":"\n<figure class=\"wp-block-image size-full is-resized\"><img loading=\"lazy\" decoding=\"async\" width=\"174\" height=\"86\" src=\"http:\/\/www.haknk.info\/toolino\/wp-content\/uploads\/2025\/10\/Leitbild.png\" alt=\"\" class=\"wp-image-1467\" style=\"width:202px;height:auto\"\/><\/figure>\n\n\n\n<p>Wir sind ein kundenorientiertes Unternehmen mit dem Schwerpunkt auf dem Handel von Gartenger\u00e4ten, Gartenausstattung, Werkzeugen, Haushaltselektronik und Electronic Entertainment. Unser Ziel ist es, unseren Kunden stets ein angenehmes Einkaufserlebnis und hochwertige Produkte zu bieten.<\/p>\n\n\n\n<p>Wir legen gro\u00dfen Wert darauf, dass<\/p>\n\n\n\n<ul class=\"wp-block-list\">\n<li>wir unseren Kunden stets freundlich und h\u00f6flich begegnen,<\/li>\n\n\n\n<li>eine kompetente und fachkundige Beratung gew\u00e4hrleistet ist,<\/li>\n\n\n\n<li>wir leistungsorientiert arbeiten und beste Ergebnisse liefern,<\/li>\n\n\n\n<li>unsere Dienstleistungen schnell, zuverl\u00e4ssig und pr\u00e4zise ausgef\u00fchrt werden,<\/li>\n\n\n\n<li>Reklamationen unkompliziert und zeitnah bearbeitet werden<br><br>Dar\u00fcber hinaus m\u00f6chten wir \u00fcber unsere Homepage und unseren Webshop jederzeit erreichbar sein und unsere Zielgruppen umfassend informieren. Wir sprechen Kunden aller Altersgruppen an \u2013 besonders jene, die Freude am Garten haben oder sich ein sch\u00f6neres und komfortableres Umfeld im B\u00fcro und Haushalt w\u00fcnschen.<br><br>Unser oberstes Ziel ist es, in jeder Hinsicht als Qualit\u00e4tsunternehmen aufzutreten und die Zufriedenheit unserer Kunden sicherzustellen. Die Qualit\u00e4t unserer Lieferanten spielt dabei eine entscheidende Rolle, denn sie beeinflusst direkt die Qualit\u00e4t unseres Angebots. Wie wir unseren Lieferanten Fairness und Verl\u00e4sslichkeit garantieren, erwarten wir diese Werte ebenso von ihnen.<br><br>Das wertvollste Kapital unseres Unternehmens sind unsere Mitarbeiter. Freundlichkeit, H\u00f6flichkeit und ein selbstbewusstes, professionelles Auftreten sind grundlegende Voraussetzungen. Besonders unsere F\u00fchrungskr\u00e4fte f\u00f6rdern Zusammenarbeit, Eigeninitiative, Verantwortungsbewusstsein und die Weiterentwicklung jedes Einzelnen.<br><br>Als gewinnorientiertes Unternehmen sichern wir damit nicht nur unsere langfristige Entwicklung, sondern auch die Arbeitspl\u00e4tze unserer Mitarbeiter. Wir bekennen uns zu Fairness im Wirtschaftsleben und legen gro\u00dfen Wert auf partnerschaftliche Beziehungen zu Kunden und Lieferanten.<\/li>\n<\/ul>\n\n\n\n<p>&nbsp;<\/p>\n","protected":false},"excerpt":{"rendered":"<p>Wir sind ein kundenorientiertes Unternehmen mit dem Schwerpunkt auf dem Handel von Gartenger\u00e4ten, Gartenausstattung, Werkzeugen, Haushaltselektronik und Electronic Entertainment. Unser Ziel ist es, unseren Kunden stets ein angenehmes Einkaufserlebnis und hochwertige Produkte zu bieten. Wir legen gro\u00dfen Wert darauf, dass &nbsp;<\/p>\n","protected":false},"author":1,"featured_media":1467,"parent":0,"menu_order":0,"comment_status":"closed","ping_status":"closed","template":"","meta":{"footnotes":""},"class_list":["post-24","page","type-page","status-publish","has-post-thumbnail","hentry"],"_links":{"self":[{"href":"http:\/\/www.haknk.info\/toolino\/index.php?rest_route=\/wp\/v2\/pages\/24","targetHints":{"allow":["GET"]}}],"collection":[{"href":"http:\/\/www.haknk.info\/toolino\/index.php?rest_route=\/wp\/v2\/pages"}],"about":[{"href":"http:\/\/www.haknk.info\/toolino\/index.php?rest_route=\/wp\/v2\/types\/page"}],"author":[{"embeddable":true,"href":"http:\/\/www.haknk.info\/toolino\/index.php?rest_route=\/wp\/v2\/users\/1"}],"replies":[{"embeddable":true,"href":"http:\/\/www.haknk.info\/toolino\/index.php?rest_route=%2Fwp%2Fv2%2Fcomments&post=24"}],"version-history":[{"count":10,"href":"http:\/\/www.haknk.info\/toolino\/index.php?rest_route=\/wp\/v2\/pages\/24\/revisions"}],"predecessor-version":[{"id":1524,"href":"http:\/\/www.haknk.info\/toolino\/index.php?rest_route=\/wp\/v2\/pages\/24\/revisions\/1524"}],"wp:featuredmedia":[{"embeddable":true,"href":"http:\/\/www.haknk.info\/toolino\/index.php?rest_route=\/wp\/v2\/media\/1467"}],"wp:attachment":[{"href":"http:\/\/www.haknk.info\/toolino\/index.php?rest_route=%2Fwp%2Fv2%2Fmedia&parent=24"}],"curies":[{"name":"wp","href":"https:\/\/api.w.org\/{rel}","templated":true}]}}