{"id":1579,"date":"2026-01-23T11:40:49","date_gmt":"2026-01-23T10:40:49","guid":{"rendered":"http:\/\/www.haknk.info\/toolino\/?page_id=1579"},"modified":"2026-01-23T11:42:32","modified_gmt":"2026-01-23T10:42:32","slug":"hilfe-video","status":"publish","type":"page","link":"http:\/\/www.haknk.info\/toolino\/?page_id=1579","title":{"rendered":"Hilfe Video"},"content":{"rendered":"\n<p>Hier finden Sie unsere Idee, um unseren Kunden besser helfen zu k\u00f6nnen: sogenannte Hilfevideos.<br>Diese unterst\u00fctzen Sie dabei, unsere Gartenger\u00e4te besser zu verstehen und korrekt anzuwenden.<br>Viel Spa\u00df beim Anschauen!<\/p>\n\n\n\n<figure class=\"wp-block-video aligncenter\"><video height=\"1920\" style=\"aspect-ratio: 1080 \/ 1920;\" width=\"1080\" controls src=\"http:\/\/www.haknk.info\/toolino\/wp-content\/uploads\/2026\/01\/Pitch-D.mp4\"><\/video><figcaption class=\"wp-element-caption\">Deutsch<\/figcaption><\/figure>\n\n\n\n<p>Here you can find our idea to better support our customers: so-called help videos.<br>These videos help you better understand and correctly use our garden tools.<br>Enjoy watching!<\/p>\n\n\n\n<figure class=\"wp-block-video\"><video height=\"1920\" style=\"aspect-ratio: 1080 \/ 1920;\" width=\"1080\" controls src=\"http:\/\/www.haknk.info\/toolino\/wp-content\/uploads\/2026\/01\/Pitch-Englisch.mp4\"><\/video><figcaption class=\"wp-element-caption\">English<\/figcaption><\/figure>\n\n\n\n<p><\/p>\n","protected":false},"excerpt":{"rendered":"<p>Hier finden Sie unsere Idee, um unseren Kunden besser helfen zu k\u00f6nnen: sogenannte Hilfevideos.Diese unterst\u00fctzen Sie dabei, unsere Gartenger\u00e4te besser zu verstehen und korrekt anzuwenden.Viel Spa\u00df beim Anschauen! Here you can find our idea to better support our customers: so-called help videos.These videos help you better understand and correctly use our garden tools.Enjoy watching!<\/p>\n","protected":false},"author":2,"featured_media":0,"parent":0,"menu_order":0,"comment_status":"closed","ping_status":"closed","template":"","meta":{"footnotes":""},"class_list":["post-1579","page","type-page","status-publish","hentry"],"_links":{"self":[{"href":"http:\/\/www.haknk.info\/toolino\/index.php?rest_route=\/wp\/v2\/pages\/1579","targetHints":{"allow":["GET"]}}],"collection":[{"href":"http:\/\/www.haknk.info\/toolino\/index.php?rest_route=\/wp\/v2\/pages"}],"about":[{"href":"http:\/\/www.haknk.info\/toolino\/index.php?rest_route=\/wp\/v2\/types\/page"}],"author":[{"embeddable":true,"href":"http:\/\/www.haknk.info\/toolino\/index.php?rest_route=\/wp\/v2\/users\/2"}],"replies":[{"embeddable":true,"href":"http:\/\/www.haknk.info\/toolino\/index.php?rest_route=%2Fwp%2Fv2%2Fcomments&post=1579"}],"version-history":[{"count":1,"href":"http:\/\/www.haknk.info\/toolino\/index.php?rest_route=\/wp\/v2\/pages\/1579\/revisions"}],"predecessor-version":[{"id":1583,"href":"http:\/\/www.haknk.info\/toolino\/index.php?rest_route=\/wp\/v2\/pages\/1579\/revisions\/1583"}],"wp:attachment":[{"href":"http:\/\/www.haknk.info\/toolino\/index.php?rest_route=%2Fwp%2Fv2%2Fmedia&parent=1579"}],"curies":[{"name":"wp","href":"https:\/\/api.w.org\/{rel}","templated":true}]}}