{"id":1228,"date":"2024-03-01T09:56:57","date_gmt":"2024-03-01T08:56:57","guid":{"rendered":"http:\/\/www.haknk.info\/toolino\/?page_id=1228"},"modified":"2024-03-01T09:56:57","modified_gmt":"2024-03-01T08:56:57","slug":"uebungsfirma-messe-prag","status":"publish","type":"page","link":"http:\/\/www.haknk.info\/toolino\/?page_id=1228","title":{"rendered":"\u00dcbungsfirma Messe Prag"},"content":{"rendered":"<h1>Neunkirchen goes to Prag!<\/h1>\n<p>Unsere \u00dcbungsfirma wird dieses Jahr auf der \u00dcFA Messe in Prag vertreten sein, wir freuen uns auf eine lustige Zeit mit den anderen \u00dcbungsfirmen!<\/p>\n<p>Unsere Marketing Abteilung hat f\u00fcr unsere G\u00e4ste auf der Messe einen Imagefilm gemacht, um unsere Abteilungen und unsere Mitarbeiter zu repr\u00e4sentieren. Da wir wissen als Sch\u00fcler und Sch\u00fclerinnen, das es nicht immer leicht ist mit den Abteilungsleitern, durften unsere Mitsch\u00fcler einen kleinen Seitenhieb zu jedem Abteilungsleiter sagen.<\/p>\n<p>Wir hoffen unser Youtube-Video gef\u00e4llt euch und ihr habt Spa\u00df beim anschauen \ud83d\ude42<\/p>\n<p><iframe loading=\"lazy\" width=\"780\" height=\"439\" src=\"https:\/\/www.youtube.com\/embed\/gpzx6O8_-rw?feature=oembed\" frameborder=\"0\" allow=\"accelerometer; autoplay; clipboard-write; encrypted-media; gyroscope; picture-in-picture; web-share\" allowfullscreen title=\"Imagefilm from Toolino GmbH\"><\/iframe><\/p>\n","protected":false},"excerpt":{"rendered":"<p>Neunkirchen goes to Prag! Unsere \u00dcbungsfirma wird dieses Jahr auf der \u00dcFA Messe in Prag vertreten sein, wir freuen uns auf eine lustige Zeit mit den anderen \u00dcbungsfirmen! Unsere Marketing Abteilung hat f\u00fcr unsere G\u00e4ste auf der Messe einen Imagefilm gemacht, um unsere Abteilungen und unsere Mitarbeiter zu repr\u00e4sentieren. Da wir wissen als Sch\u00fcler und <a class=\"more-link\" href=\"http:\/\/www.haknk.info\/toolino\/?page_id=1228\">weiterlesen&#8230;<\/a><\/p>\n","protected":false},"author":3,"featured_media":0,"parent":0,"menu_order":0,"comment_status":"closed","ping_status":"closed","template":"","meta":{"footnotes":""},"class_list":["post-1228","page","type-page","status-publish","hentry"],"_links":{"self":[{"href":"http:\/\/www.haknk.info\/toolino\/index.php?rest_route=\/wp\/v2\/pages\/1228","targetHints":{"allow":["GET"]}}],"collection":[{"href":"http:\/\/www.haknk.info\/toolino\/index.php?rest_route=\/wp\/v2\/pages"}],"about":[{"href":"http:\/\/www.haknk.info\/toolino\/index.php?rest_route=\/wp\/v2\/types\/page"}],"author":[{"embeddable":true,"href":"http:\/\/www.haknk.info\/toolino\/index.php?rest_route=\/wp\/v2\/users\/3"}],"replies":[{"embeddable":true,"href":"http:\/\/www.haknk.info\/toolino\/index.php?rest_route=%2Fwp%2Fv2%2Fcomments&post=1228"}],"version-history":[{"count":1,"href":"http:\/\/www.haknk.info\/toolino\/index.php?rest_route=\/wp\/v2\/pages\/1228\/revisions"}],"predecessor-version":[{"id":1229,"href":"http:\/\/www.haknk.info\/toolino\/index.php?rest_route=\/wp\/v2\/pages\/1228\/revisions\/1229"}],"wp:attachment":[{"href":"http:\/\/www.haknk.info\/toolino\/index.php?rest_route=%2Fwp%2Fv2%2Fmedia&parent=1228"}],"curies":[{"name":"wp","href":"https:\/\/api.w.org\/{rel}","templated":true}]}}