{"id":1136,"date":"2023-09-15T12:12:13","date_gmt":"2023-09-15T10:12:13","guid":{"rendered":"http:\/\/www.haknk.info\/toolino\/?page_id=1136"},"modified":"2025-11-07T09:56:38","modified_gmt":"2025-11-07T08:56:38","slug":"unternehmen-2","status":"publish","type":"page","link":"http:\/\/www.haknk.info\/toolino\/?page_id=1136","title":{"rendered":"Unternehmen"},"content":{"rendered":"<p><strong>\u00dcber uns:<\/strong><\/p>\n<p>Im Schuljahr 2025\/26 leiten wir, die <strong>21 Sch\u00fcler\/innen der 4BK der Industrial Handelsakademie Neunkirchen<\/strong>, die \u00dcbungsfirma <strong>TOOLINO WARENHANDELS GmbH<\/strong>. Wir sind jeden <strong>Freitag<\/strong>\u00a0von <strong>08:45- 12:30 Uhr<\/strong> erreichbar. Wir arbeiten gezielt darauf hin Sie bestens betreuen zu k\u00f6nnen. Dazu wollen wir das Wohlbefinden unserer Kunden erh\u00f6hen. Wir bieten eine umfangreiche Auswahl und kompetente Beratung und legen sehr viel Wert auf Qualit\u00e4t.<\/p>\n<p>Unser Team:<\/p>\n<p>\u00a0<\/p>\n\n\n<figure class=\"wp-block-image size-large\"><img loading=\"lazy\" decoding=\"async\" width=\"1024\" height=\"768\" src=\"http:\/\/www.haknk.info\/toolino\/wp-content\/uploads\/2025\/10\/Toolino_Team_2025-1024x768.jpg\" alt=\"\" class=\"wp-image-1423\" srcset=\"http:\/\/www.haknk.info\/toolino\/wp-content\/uploads\/2025\/10\/Toolino_Team_2025-1024x768.jpg 1024w, http:\/\/www.haknk.info\/toolino\/wp-content\/uploads\/2025\/10\/Toolino_Team_2025-300x225.jpg 300w, http:\/\/www.haknk.info\/toolino\/wp-content\/uploads\/2025\/10\/Toolino_Team_2025-768x576.jpg 768w, http:\/\/www.haknk.info\/toolino\/wp-content\/uploads\/2025\/10\/Toolino_Team_2025-1536x1152.jpg 1536w, http:\/\/www.haknk.info\/toolino\/wp-content\/uploads\/2025\/10\/Toolino_Team_2025-350x263.jpg 350w, http:\/\/www.haknk.info\/toolino\/wp-content\/uploads\/2025\/10\/Toolino_Team_2025-780x586.jpg 780w, http:\/\/www.haknk.info\/toolino\/wp-content\/uploads\/2025\/10\/Toolino_Team_2025-250x188.jpg 250w, http:\/\/www.haknk.info\/toolino\/wp-content\/uploads\/2025\/10\/Toolino_Team_2025.jpg 1920w\" sizes=\"auto, (max-width: 1024px) 100vw, 1024px\" \/><\/figure>\n","protected":false},"excerpt":{"rendered":"<p>\u00dcber uns: Im Schuljahr 2025\/26 leiten wir, die 21 Sch\u00fcler\/innen der 4BK der Industrial Handelsakademie Neunkirchen, die \u00dcbungsfirma TOOLINO WARENHANDELS GmbH. Wir sind jeden Freitag\u00a0von 08:45- 12:30 Uhr erreichbar. Wir arbeiten gezielt darauf hin Sie bestens betreuen zu k\u00f6nnen. Dazu wollen wir das Wohlbefinden unserer Kunden erh\u00f6hen. Wir bieten eine umfangreiche Auswahl und kompetente Beratung <a class=\"more-link\" href=\"http:\/\/www.haknk.info\/toolino\/?page_id=1136\">weiterlesen&#8230;<\/a><\/p>\n","protected":false},"author":3,"featured_media":0,"parent":0,"menu_order":0,"comment_status":"closed","ping_status":"closed","template":"","meta":{"footnotes":""},"class_list":["post-1136","page","type-page","status-publish","hentry"],"_links":{"self":[{"href":"http:\/\/www.haknk.info\/toolino\/index.php?rest_route=\/wp\/v2\/pages\/1136","targetHints":{"allow":["GET"]}}],"collection":[{"href":"http:\/\/www.haknk.info\/toolino\/index.php?rest_route=\/wp\/v2\/pages"}],"about":[{"href":"http:\/\/www.haknk.info\/toolino\/index.php?rest_route=\/wp\/v2\/types\/page"}],"author":[{"embeddable":true,"href":"http:\/\/www.haknk.info\/toolino\/index.php?rest_route=\/wp\/v2\/users\/3"}],"replies":[{"embeddable":true,"href":"http:\/\/www.haknk.info\/toolino\/index.php?rest_route=%2Fwp%2Fv2%2Fcomments&post=1136"}],"version-history":[{"count":6,"href":"http:\/\/www.haknk.info\/toolino\/index.php?rest_route=\/wp\/v2\/pages\/1136\/revisions"}],"predecessor-version":[{"id":1478,"href":"http:\/\/www.haknk.info\/toolino\/index.php?rest_route=\/wp\/v2\/pages\/1136\/revisions\/1478"}],"wp:attachment":[{"href":"http:\/\/www.haknk.info\/toolino\/index.php?rest_route=%2Fwp%2Fv2%2Fmedia&parent=1136"}],"curies":[{"name":"wp","href":"https:\/\/api.w.org\/{rel}","templated":true}]}}