{"id":1124,"date":"2023-09-15T11:55:39","date_gmt":"2023-09-15T09:55:39","guid":{"rendered":"http:\/\/www.haknk.info\/toolino\/?page_id=1124"},"modified":"2025-10-17T11:49:25","modified_gmt":"2025-10-17T09:49:25","slug":"geschaeftsfuehrung-2","status":"publish","type":"page","link":"http:\/\/www.haknk.info\/toolino\/?page_id=1124","title":{"rendered":"Gesch\u00e4ftsf\u00fchrung"},"content":{"rendered":"\n<p>Im Jahr 2025\/26 teilen sich Herr Mag. Stefan H\u00f6fer und Frau Stocker Kathrin&nbsp; MSc die Gesch\u00e4ftsf\u00fchrung der Toolino Warenhandels GmbH.<\/p>\n\n\n\n<p>Sie sind f\u00fcr den reibungslosen Betrieb zust\u00e4ndig und motivieren die Mitarbeiter zu herausragenden Leistungen.<\/p>\n\n\n\n<figure class=\"wp-block-image size-large is-resized\"><img loading=\"lazy\" decoding=\"async\" width=\"768\" height=\"1024\" src=\"http:\/\/www.haknk.info\/toolino\/wp-content\/uploads\/2025\/10\/Geschaeftsfuehurng_2025-768x1024.jpg\" alt=\"\" class=\"wp-image-1424\" style=\"width:504px;height:auto\" srcset=\"http:\/\/www.haknk.info\/toolino\/wp-content\/uploads\/2025\/10\/Geschaeftsfuehurng_2025-768x1024.jpg 768w, http:\/\/www.haknk.info\/toolino\/wp-content\/uploads\/2025\/10\/Geschaeftsfuehurng_2025-225x300.jpg 225w, http:\/\/www.haknk.info\/toolino\/wp-content\/uploads\/2025\/10\/Geschaeftsfuehurng_2025-1152x1536.jpg 1152w, http:\/\/www.haknk.info\/toolino\/wp-content\/uploads\/2025\/10\/Geschaeftsfuehurng_2025.jpg 1440w\" sizes=\"auto, (max-width: 768px) 100vw, 768px\" \/><\/figure>\n","protected":false},"excerpt":{"rendered":"<p>Im Jahr 2025\/26 teilen sich Herr Mag. Stefan H\u00f6fer und Frau Stocker Kathrin&nbsp; MSc die Gesch\u00e4ftsf\u00fchrung der Toolino Warenhandels GmbH. Sie sind f\u00fcr den reibungslosen Betrieb zust\u00e4ndig und motivieren die Mitarbeiter zu herausragenden Leistungen.<\/p>\n","protected":false},"author":3,"featured_media":0,"parent":0,"menu_order":0,"comment_status":"closed","ping_status":"closed","template":"","meta":{"footnotes":""},"class_list":["post-1124","page","type-page","status-publish","hentry"],"_links":{"self":[{"href":"http:\/\/www.haknk.info\/toolino\/index.php?rest_route=\/wp\/v2\/pages\/1124","targetHints":{"allow":["GET"]}}],"collection":[{"href":"http:\/\/www.haknk.info\/toolino\/index.php?rest_route=\/wp\/v2\/pages"}],"about":[{"href":"http:\/\/www.haknk.info\/toolino\/index.php?rest_route=\/wp\/v2\/types\/page"}],"author":[{"embeddable":true,"href":"http:\/\/www.haknk.info\/toolino\/index.php?rest_route=\/wp\/v2\/users\/3"}],"replies":[{"embeddable":true,"href":"http:\/\/www.haknk.info\/toolino\/index.php?rest_route=%2Fwp%2Fv2%2Fcomments&post=1124"}],"version-history":[{"count":9,"href":"http:\/\/www.haknk.info\/toolino\/index.php?rest_route=\/wp\/v2\/pages\/1124\/revisions"}],"predecessor-version":[{"id":1425,"href":"http:\/\/www.haknk.info\/toolino\/index.php?rest_route=\/wp\/v2\/pages\/1124\/revisions\/1425"}],"wp:attachment":[{"href":"http:\/\/www.haknk.info\/toolino\/index.php?rest_route=%2Fwp%2Fv2%2Fmedia&parent=1124"}],"curies":[{"name":"wp","href":"https:\/\/api.w.org\/{rel}","templated":true}]}}