{"id":1122,"date":"2023-09-15T11:54:39","date_gmt":"2023-09-15T09:54:39","guid":{"rendered":"http:\/\/www.haknk.info\/toolino\/?page_id=1122"},"modified":"2025-10-17T12:03:53","modified_gmt":"2025-10-17T10:03:53","slug":"assistenz","status":"publish","type":"page","link":"http:\/\/www.haknk.info\/toolino\/?page_id=1122","title":{"rendered":"Assistenz"},"content":{"rendered":"\n<p>Die Assistenz ist f\u00fcr unsere Personalverrechnungen und das Assistieren der Gesch\u00e4ftsf\u00fchrer zust\u00e4ndig.<\/p>\n\n\n\n<p>Ebenfalls haben sie Aufgaben wie das \u00dcberweisen der Zahlungen und das an- und abmelden von den einzelnen Mitarbeitern bei den Krankenkassen.<\/p>\n\n\n\n<p>Unsere Mitarbeiter: Babacan Ilkhan, Resul Karabay, Arda Aslan<\/p>\n\n\n\n<figure class=\"wp-block-image size-large is-resized\"><img loading=\"lazy\" decoding=\"async\" width=\"768\" height=\"1024\" src=\"http:\/\/www.haknk.info\/toolino\/wp-content\/uploads\/2025\/10\/Assistenz_2025-768x1024.jpg\" alt=\"\" class=\"wp-image-1418\" style=\"width:507px;height:auto\" srcset=\"http:\/\/www.haknk.info\/toolino\/wp-content\/uploads\/2025\/10\/Assistenz_2025-768x1024.jpg 768w, http:\/\/www.haknk.info\/toolino\/wp-content\/uploads\/2025\/10\/Assistenz_2025-225x300.jpg 225w, http:\/\/www.haknk.info\/toolino\/wp-content\/uploads\/2025\/10\/Assistenz_2025-1152x1536.jpg 1152w, http:\/\/www.haknk.info\/toolino\/wp-content\/uploads\/2025\/10\/Assistenz_2025.jpg 1440w\" sizes=\"auto, (max-width: 768px) 100vw, 768px\" \/><\/figure>\n","protected":false},"excerpt":{"rendered":"<p>Die Assistenz ist f\u00fcr unsere Personalverrechnungen und das Assistieren der Gesch\u00e4ftsf\u00fchrer zust\u00e4ndig. Ebenfalls haben sie Aufgaben wie das \u00dcberweisen der Zahlungen und das an- und abmelden von den einzelnen Mitarbeitern bei den Krankenkassen. Unsere Mitarbeiter: Babacan Ilkhan, Resul Karabay, Arda Aslan<\/p>\n","protected":false},"author":3,"featured_media":0,"parent":0,"menu_order":0,"comment_status":"closed","ping_status":"closed","template":"","meta":{"footnotes":""},"class_list":["post-1122","page","type-page","status-publish","hentry"],"_links":{"self":[{"href":"http:\/\/www.haknk.info\/toolino\/index.php?rest_route=\/wp\/v2\/pages\/1122","targetHints":{"allow":["GET"]}}],"collection":[{"href":"http:\/\/www.haknk.info\/toolino\/index.php?rest_route=\/wp\/v2\/pages"}],"about":[{"href":"http:\/\/www.haknk.info\/toolino\/index.php?rest_route=\/wp\/v2\/types\/page"}],"author":[{"embeddable":true,"href":"http:\/\/www.haknk.info\/toolino\/index.php?rest_route=\/wp\/v2\/users\/3"}],"replies":[{"embeddable":true,"href":"http:\/\/www.haknk.info\/toolino\/index.php?rest_route=%2Fwp%2Fv2%2Fcomments&post=1122"}],"version-history":[{"count":6,"href":"http:\/\/www.haknk.info\/toolino\/index.php?rest_route=\/wp\/v2\/pages\/1122\/revisions"}],"predecessor-version":[{"id":1419,"href":"http:\/\/www.haknk.info\/toolino\/index.php?rest_route=\/wp\/v2\/pages\/1122\/revisions\/1419"}],"wp:attachment":[{"href":"http:\/\/www.haknk.info\/toolino\/index.php?rest_route=%2Fwp%2Fv2%2Fmedia&parent=1122"}],"curies":[{"name":"wp","href":"https:\/\/api.w.org\/{rel}","templated":true}]}}