{"id":1119,"date":"2023-09-15T11:53:21","date_gmt":"2023-09-15T09:53:21","guid":{"rendered":"http:\/\/www.haknk.info\/toolino\/?page_id=1119"},"modified":"2025-10-17T11:42:38","modified_gmt":"2025-10-17T09:42:38","slug":"sekretariat","status":"publish","type":"page","link":"http:\/\/www.haknk.info\/toolino\/?page_id=1119","title":{"rendered":"Sekretariat"},"content":{"rendered":"\n<h3 class=\"wp-block-heading\"><strong>Sekretariat:<\/strong><\/h3>\n\n\n\n<p>Unser Sekretariat ist daf\u00fcr zust\u00e4ndig, dass wir immer einen Vorrat an B\u00fcromaterial besitzen, wof\u00fcr auch unser B\u00fcroturm ben\u00f6tigt wird.<\/p>\n\n\n\n<p>Gleichfalls sind sie f\u00fcr unsere ganzen Telefonate zust\u00e4ndig und versorgen unsere Arbeiter in allen Abteilungen mit Aufgaben und Protokollen am Anfang von jeden Arbeitstag.<\/p>\n\n\n\n<p>Neben diesen ganzen kleinen Aufgaben gibt es nat\u00fcrlich auch Hauptaufgaben, die immer zu t\u00e4tigen sind und die w\u00e4ren unser Postbuch f\u00fchren, \u00fcber E-Mail, Fax und Post, was dazu z\u00e4hlt sind die Weiterleitungen von den einzelnen Briefen in die Abteilungen.<\/p>\n\n\n\n<p>Unsere MitarbeiterInnen: Sonja Tessner, Irem Karabulut, Dyana Sharaf<\/p>\n\n\n\n<figure class=\"wp-block-image size-large is-resized\"><img loading=\"lazy\" decoding=\"async\" width=\"768\" height=\"1024\" src=\"http:\/\/www.haknk.info\/toolino\/wp-content\/uploads\/2025\/10\/Sekretariat_2025-768x1024.jpg\" alt=\"\" class=\"wp-image-1414\" style=\"width:496px;height:auto\" srcset=\"http:\/\/www.haknk.info\/toolino\/wp-content\/uploads\/2025\/10\/Sekretariat_2025-768x1024.jpg 768w, http:\/\/www.haknk.info\/toolino\/wp-content\/uploads\/2025\/10\/Sekretariat_2025-225x300.jpg 225w, http:\/\/www.haknk.info\/toolino\/wp-content\/uploads\/2025\/10\/Sekretariat_2025-1152x1536.jpg 1152w, http:\/\/www.haknk.info\/toolino\/wp-content\/uploads\/2025\/10\/Sekretariat_2025.jpg 1440w\" sizes=\"auto, (max-width: 768px) 100vw, 768px\" \/><\/figure>\n","protected":false},"excerpt":{"rendered":"<p>Sekretariat: Unser Sekretariat ist daf\u00fcr zust\u00e4ndig, dass wir immer einen Vorrat an B\u00fcromaterial besitzen, wof\u00fcr auch unser B\u00fcroturm ben\u00f6tigt wird. Gleichfalls sind sie f\u00fcr unsere ganzen Telefonate zust\u00e4ndig und versorgen unsere Arbeiter in allen Abteilungen mit Aufgaben und Protokollen am Anfang von jeden Arbeitstag. Neben diesen ganzen kleinen Aufgaben gibt es nat\u00fcrlich auch Hauptaufgaben, die <a class=\"more-link\" href=\"http:\/\/www.haknk.info\/toolino\/?page_id=1119\">weiterlesen&#8230;<\/a><\/p>\n","protected":false},"author":3,"featured_media":0,"parent":0,"menu_order":0,"comment_status":"closed","ping_status":"closed","template":"","meta":{"footnotes":""},"class_list":["post-1119","page","type-page","status-publish","hentry"],"_links":{"self":[{"href":"http:\/\/www.haknk.info\/toolino\/index.php?rest_route=\/wp\/v2\/pages\/1119","targetHints":{"allow":["GET"]}}],"collection":[{"href":"http:\/\/www.haknk.info\/toolino\/index.php?rest_route=\/wp\/v2\/pages"}],"about":[{"href":"http:\/\/www.haknk.info\/toolino\/index.php?rest_route=\/wp\/v2\/types\/page"}],"author":[{"embeddable":true,"href":"http:\/\/www.haknk.info\/toolino\/index.php?rest_route=\/wp\/v2\/users\/3"}],"replies":[{"embeddable":true,"href":"http:\/\/www.haknk.info\/toolino\/index.php?rest_route=%2Fwp%2Fv2%2Fcomments&post=1119"}],"version-history":[{"count":6,"href":"http:\/\/www.haknk.info\/toolino\/index.php?rest_route=\/wp\/v2\/pages\/1119\/revisions"}],"predecessor-version":[{"id":1416,"href":"http:\/\/www.haknk.info\/toolino\/index.php?rest_route=\/wp\/v2\/pages\/1119\/revisions\/1416"}],"wp:attachment":[{"href":"http:\/\/www.haknk.info\/toolino\/index.php?rest_route=%2Fwp%2Fv2%2Fmedia&parent=1119"}],"curies":[{"name":"wp","href":"https:\/\/api.w.org\/{rel}","templated":true}]}}