{"id":1117,"date":"2023-09-15T11:50:39","date_gmt":"2023-09-15T09:50:39","guid":{"rendered":"http:\/\/www.haknk.info\/toolino\/?page_id=1117"},"modified":"2025-10-17T12:02:30","modified_gmt":"2025-10-17T10:02:30","slug":"einkauf-2","status":"publish","type":"page","link":"http:\/\/www.haknk.info\/toolino\/?page_id=1117","title":{"rendered":"Einkauf"},"content":{"rendered":"\n<p>Im Einkauf besorgen die Mitarbeiter B\u00fcroartikel und Waren f\u00fcr die Firma. Au\u00dferdem t\u00e4tigen sie Mitarbeiter-Eink\u00e4ufe. Im Nachhinein wird alles verbucht von unseren 3 netten Arbeitskr\u00e4ften in der Einkaufsabteilung.<\/p>\n\n\n\n<p>Unsere Mitarbeiter: Teodor Bari\u0161a Sari\u0107, Marcel Andri\u0107, Fabio Enzelsberger<\/p>\n\n\n\n<ul class=\"wp-block-list\"><\/ul>\n\n\n\n<figure class=\"wp-block-image size-large is-resized\"><img loading=\"lazy\" decoding=\"async\" width=\"768\" height=\"1024\" src=\"http:\/\/www.haknk.info\/toolino\/wp-content\/uploads\/2025\/10\/Einkauf_2025-768x1024.jpg\" alt=\"\" class=\"wp-image-1405\" style=\"width:undefinedpx;height:undefinedpx\" srcset=\"http:\/\/www.haknk.info\/toolino\/wp-content\/uploads\/2025\/10\/Einkauf_2025-768x1024.jpg 768w, http:\/\/www.haknk.info\/toolino\/wp-content\/uploads\/2025\/10\/Einkauf_2025-225x300.jpg 225w, http:\/\/www.haknk.info\/toolino\/wp-content\/uploads\/2025\/10\/Einkauf_2025-1152x1536.jpg 1152w, http:\/\/www.haknk.info\/toolino\/wp-content\/uploads\/2025\/10\/Einkauf_2025.jpg 1440w\" sizes=\"auto, (max-width: 768px) 100vw, 768px\" \/><\/figure>\n","protected":false},"excerpt":{"rendered":"<p>Im Einkauf besorgen die Mitarbeiter B\u00fcroartikel und Waren f\u00fcr die Firma. Au\u00dferdem t\u00e4tigen sie Mitarbeiter-Eink\u00e4ufe. Im Nachhinein wird alles verbucht von unseren 3 netten Arbeitskr\u00e4ften in der Einkaufsabteilung. Unsere Mitarbeiter: Teodor Bari\u0161a Sari\u0107, Marcel Andri\u0107, Fabio Enzelsberger<\/p>\n","protected":false},"author":3,"featured_media":0,"parent":0,"menu_order":0,"comment_status":"closed","ping_status":"closed","template":"","meta":{"footnotes":""},"class_list":["post-1117","page","type-page","status-publish","hentry"],"_links":{"self":[{"href":"http:\/\/www.haknk.info\/toolino\/index.php?rest_route=\/wp\/v2\/pages\/1117","targetHints":{"allow":["GET"]}}],"collection":[{"href":"http:\/\/www.haknk.info\/toolino\/index.php?rest_route=\/wp\/v2\/pages"}],"about":[{"href":"http:\/\/www.haknk.info\/toolino\/index.php?rest_route=\/wp\/v2\/types\/page"}],"author":[{"embeddable":true,"href":"http:\/\/www.haknk.info\/toolino\/index.php?rest_route=\/wp\/v2\/users\/3"}],"replies":[{"embeddable":true,"href":"http:\/\/www.haknk.info\/toolino\/index.php?rest_route=%2Fwp%2Fv2%2Fcomments&post=1117"}],"version-history":[{"count":10,"href":"http:\/\/www.haknk.info\/toolino\/index.php?rest_route=\/wp\/v2\/pages\/1117\/revisions"}],"predecessor-version":[{"id":1437,"href":"http:\/\/www.haknk.info\/toolino\/index.php?rest_route=\/wp\/v2\/pages\/1117\/revisions\/1437"}],"wp:attachment":[{"href":"http:\/\/www.haknk.info\/toolino\/index.php?rest_route=%2Fwp%2Fv2%2Fmedia&parent=1117"}],"curies":[{"name":"wp","href":"https:\/\/api.w.org\/{rel}","templated":true}]}}