{"id":1114,"date":"2023-09-15T11:48:06","date_gmt":"2023-09-15T09:48:06","guid":{"rendered":"http:\/\/www.haknk.info\/toolino\/?page_id=1114"},"modified":"2025-10-17T11:58:58","modified_gmt":"2025-10-17T09:58:58","slug":"verkauf-2","status":"publish","type":"page","link":"http:\/\/www.haknk.info\/toolino\/?page_id=1114","title":{"rendered":"Verkauf"},"content":{"rendered":"\n<p>In der Verkaufsabteilung erstellt unser kompetentes Team Lieferscheine, Fakturen, R\u00fccksendungen und vieles mehr. Zu unseren Aufgaben geh\u00f6ren auch hierzu laufende Rechnungen zu bearbeiten und fertigzustellen, dies tun sie mithilfe eines Programms welches sich WINLINE nennt. Falls neue Kunden bei uns bestellen sollten stellen sie neue Kunden an oder falls wir mal einen neuen Lieferanten finden m\u00fcssen wir auch diesen neu anlegen.<\/p>\n\n\n\n<p>Unsere Mitarbeiter: Muhammet \u00d6zcan, Furkan \u00d6zcan, Paul Degen, Tim Sch\u00f6ggl<\/p>\n\n\n\n<figure class=\"wp-block-image size-large is-resized\"><img loading=\"lazy\" decoding=\"async\" width=\"768\" height=\"1024\" src=\"http:\/\/www.haknk.info\/toolino\/wp-content\/uploads\/2025\/10\/Verkauf_2025-768x1024.jpg\" alt=\"\" class=\"wp-image-1433\" style=\"width:557px;height:auto\" srcset=\"http:\/\/www.haknk.info\/toolino\/wp-content\/uploads\/2025\/10\/Verkauf_2025-768x1024.jpg 768w, http:\/\/www.haknk.info\/toolino\/wp-content\/uploads\/2025\/10\/Verkauf_2025-225x300.jpg 225w, http:\/\/www.haknk.info\/toolino\/wp-content\/uploads\/2025\/10\/Verkauf_2025-1152x1536.jpg 1152w, http:\/\/www.haknk.info\/toolino\/wp-content\/uploads\/2025\/10\/Verkauf_2025.jpg 1440w\" sizes=\"auto, (max-width: 768px) 100vw, 768px\" \/><\/figure>\n","protected":false},"excerpt":{"rendered":"<p>In der Verkaufsabteilung erstellt unser kompetentes Team Lieferscheine, Fakturen, R\u00fccksendungen und vieles mehr. Zu unseren Aufgaben geh\u00f6ren auch hierzu laufende Rechnungen zu bearbeiten und fertigzustellen, dies tun sie mithilfe eines Programms welches sich WINLINE nennt. Falls neue Kunden bei uns bestellen sollten stellen sie neue Kunden an oder falls wir mal einen neuen Lieferanten finden <a class=\"more-link\" href=\"http:\/\/www.haknk.info\/toolino\/?page_id=1114\">weiterlesen&#8230;<\/a><\/p>\n","protected":false},"author":3,"featured_media":0,"parent":0,"menu_order":0,"comment_status":"closed","ping_status":"closed","template":"","meta":{"footnotes":""},"class_list":["post-1114","page","type-page","status-publish","hentry"],"_links":{"self":[{"href":"http:\/\/www.haknk.info\/toolino\/index.php?rest_route=\/wp\/v2\/pages\/1114","targetHints":{"allow":["GET"]}}],"collection":[{"href":"http:\/\/www.haknk.info\/toolino\/index.php?rest_route=\/wp\/v2\/pages"}],"about":[{"href":"http:\/\/www.haknk.info\/toolino\/index.php?rest_route=\/wp\/v2\/types\/page"}],"author":[{"embeddable":true,"href":"http:\/\/www.haknk.info\/toolino\/index.php?rest_route=\/wp\/v2\/users\/3"}],"replies":[{"embeddable":true,"href":"http:\/\/www.haknk.info\/toolino\/index.php?rest_route=%2Fwp%2Fv2%2Fcomments&post=1114"}],"version-history":[{"count":5,"href":"http:\/\/www.haknk.info\/toolino\/index.php?rest_route=\/wp\/v2\/pages\/1114\/revisions"}],"predecessor-version":[{"id":1434,"href":"http:\/\/www.haknk.info\/toolino\/index.php?rest_route=\/wp\/v2\/pages\/1114\/revisions\/1434"}],"wp:attachment":[{"href":"http:\/\/www.haknk.info\/toolino\/index.php?rest_route=%2Fwp%2Fv2%2Fmedia&parent=1114"}],"curies":[{"name":"wp","href":"https:\/\/api.w.org\/{rel}","templated":true}]}}