{"id":1110,"date":"2023-09-15T11:40:41","date_gmt":"2023-09-15T09:40:41","guid":{"rendered":"http:\/\/www.haknk.info\/toolino\/?page_id=1110"},"modified":"2025-10-17T11:54:26","modified_gmt":"2025-10-17T09:54:26","slug":"marketing-2","status":"publish","type":"page","link":"http:\/\/www.haknk.info\/toolino\/?page_id=1110","title":{"rendered":"Marketing"},"content":{"rendered":"\n<p>Das Marketing ist daf\u00fcr zust\u00e4ndig, dass unsere Produkte im Webshop immer auf dem neusten Stand sind.<\/p>\n\n\n\n<p>Die meiste Zeit besch\u00e4ftigt sich unser Team mit unserer Web-Seite und unserer Werbung, ebenfalls mit dem pr\u00e4sentieren von dem Unternehmen im Social Media Bereich.<\/p>\n\n\n\n<p>Unsere Mitarbeiter: Fatemeh Yari, Arda Acar, Carina Viola Weiser, Ansar Gaysurkayev<\/p>\n\n\n\n<figure class=\"wp-block-image size-large is-resized\"><img loading=\"lazy\" decoding=\"async\" width=\"768\" height=\"1024\" src=\"http:\/\/www.haknk.info\/toolino\/wp-content\/uploads\/2025\/10\/Marketing_2025-768x1024.jpg\" alt=\"\" class=\"wp-image-1430\" style=\"width:583px;height:auto\" srcset=\"http:\/\/www.haknk.info\/toolino\/wp-content\/uploads\/2025\/10\/Marketing_2025-768x1024.jpg 768w, http:\/\/www.haknk.info\/toolino\/wp-content\/uploads\/2025\/10\/Marketing_2025-225x300.jpg 225w, http:\/\/www.haknk.info\/toolino\/wp-content\/uploads\/2025\/10\/Marketing_2025-1152x1536.jpg 1152w, http:\/\/www.haknk.info\/toolino\/wp-content\/uploads\/2025\/10\/Marketing_2025.jpg 1440w\" sizes=\"auto, (max-width: 768px) 100vw, 768px\" \/><\/figure>\n","protected":false},"excerpt":{"rendered":"<p>Das Marketing ist daf\u00fcr zust\u00e4ndig, dass unsere Produkte im Webshop immer auf dem neusten Stand sind. Die meiste Zeit besch\u00e4ftigt sich unser Team mit unserer Web-Seite und unserer Werbung, ebenfalls mit dem pr\u00e4sentieren von dem Unternehmen im Social Media Bereich. Unsere Mitarbeiter: Fatemeh Yari, Arda Acar, Carina Viola Weiser, Ansar Gaysurkayev<\/p>\n","protected":false},"author":3,"featured_media":0,"parent":0,"menu_order":0,"comment_status":"closed","ping_status":"closed","template":"","meta":{"footnotes":""},"class_list":["post-1110","page","type-page","status-publish","hentry"],"_links":{"self":[{"href":"http:\/\/www.haknk.info\/toolino\/index.php?rest_route=\/wp\/v2\/pages\/1110","targetHints":{"allow":["GET"]}}],"collection":[{"href":"http:\/\/www.haknk.info\/toolino\/index.php?rest_route=\/wp\/v2\/pages"}],"about":[{"href":"http:\/\/www.haknk.info\/toolino\/index.php?rest_route=\/wp\/v2\/types\/page"}],"author":[{"embeddable":true,"href":"http:\/\/www.haknk.info\/toolino\/index.php?rest_route=\/wp\/v2\/users\/3"}],"replies":[{"embeddable":true,"href":"http:\/\/www.haknk.info\/toolino\/index.php?rest_route=%2Fwp%2Fv2%2Fcomments&post=1110"}],"version-history":[{"count":4,"href":"http:\/\/www.haknk.info\/toolino\/index.php?rest_route=\/wp\/v2\/pages\/1110\/revisions"}],"predecessor-version":[{"id":1431,"href":"http:\/\/www.haknk.info\/toolino\/index.php?rest_route=\/wp\/v2\/pages\/1110\/revisions\/1431"}],"wp:attachment":[{"href":"http:\/\/www.haknk.info\/toolino\/index.php?rest_route=%2Fwp%2Fv2%2Fmedia&parent=1110"}],"curies":[{"name":"wp","href":"https:\/\/api.w.org\/{rel}","templated":true}]}}