{"id":1034,"date":"2023-01-18T12:16:59","date_gmt":"2023-01-18T11:16:59","guid":{"rendered":"http:\/\/www.haknk.info\/toolino\/?page_id=1034"},"modified":"2026-03-06T09:17:39","modified_gmt":"2026-03-06T08:17:39","slug":"business-profile","status":"publish","type":"page","link":"http:\/\/www.haknk.info\/toolino\/?page_id=1034","title":{"rendered":"Business Profile"},"content":{"rendered":"<p>Business Profile der Toolino Warenhandels GmbH<\/p>\n<ol>\n<li>Allgemeine Daten der \u00dcbungsfirma<br \/>\n<h4 class=\"widget-title\">Toolino Warenhandels GmbH<\/h4>\n<div class=\"textwidget\">\n<p>BHAK, BHAS Neunkirchen<br \/>\nSchillergasse 10, 2620 Neunkirchen<br \/>\nNieder\u00f6sterreich, \u00d6sterreich<br \/>\nTel: +43 (2635) 680 13<br \/>\nFax: +43 (2635) 680 13-32<br \/>\nMail:\u00a0<a href=\"mailto:toolino246@uebungsfirmen.at\">toolino246@uebungsfirmen.at<\/a><br \/>\n\u00d6ffnungszeiten: Fr 08:45 \u2013 12:30 Uhr<\/p>\n<\/div>\n<p>Unternehmensgegenstand: Handel mit Waren aller Art<\/p>\n<p>Branche:<br \/>\nHandel &#8211; Bau- und Heimwerkerbedarf<br \/>\nHandel &#8211; Beleuchtungsartikeln<br \/>\nHandel &#8211; Blumen und Pflanzen, Saatgut und Gartenbedarf<br \/>\nHandel &#8211; elektrische Haushaltsger\u00e4te<br \/>\nHandel &#8211; Gartencenter<br \/>\nHandel &#8211; Haushaltartikeln<br \/>\nHandel &#8211; Heiz-, K\u00fchl- u. Gefrierger\u00e4te<br \/>\nHandel &#8211; Maschinen, Werkzeuge<br \/>\nHandel &#8211; M\u00f6beln, Einrichtungsgegenst\u00e4nden und Hausrat<br \/>\nHandel &#8211; Waren aller Art<\/p>\n<p>Produktgruppen: Haushalt, Werkzeug, Garten, Elektronik<\/p>\n<p><a href=\"http:\/\/www.haknk.info\/toolino\/?page_id=345\" target=\"_blank\" rel=\"noopener\">Organigramm<\/a><\/li>\n<li><a href=\"http:\/\/www.haknk.info\/toolino\/?page_id=950\" target=\"_blank\" rel=\"noopener\">P\u00e4dagogisches Unterrichtskonzept<\/a><\/li>\n<li><a href=\"http:\/\/www.haknk.info\/toolino\/?page_id=950\" target=\"_blank\" rel=\"noopener\">Strategische Unternehmensziele und Jahresschwerpunkte<\/a><\/li>\n<li><a href=\"http:\/\/www.haknk.info\/toolino\/?page_id=546\" target=\"_blank\" rel=\"noopener\">Konkrete \u00dcberlegungen zum Thema Nachhaltigkeit<\/a><\/li>\n<li><a href=\"http:\/\/www.haknk.info\/toolino\/?page_id=947\" target=\"_blank\" rel=\"noopener\">Konkrete \u00dcberlegungen zum Thema Digitalisierung<\/a><\/li>\n<\/ol>\n","protected":false},"excerpt":{"rendered":"<p>Business Profile der Toolino Warenhandels GmbH Allgemeine Daten der \u00dcbungsfirma Toolino Warenhandels GmbH BHAK, BHAS Neunkirchen Schillergasse 10, 2620 Neunkirchen Nieder\u00f6sterreich, \u00d6sterreich Tel: +43 (2635) 680 13 Fax: +43 (2635) 680 13-32 Mail:\u00a0toolino246@uebungsfirmen.at \u00d6ffnungszeiten: Fr 08:45 \u2013 12:30 Uhr Unternehmensgegenstand: Handel mit Waren aller Art Branche: Handel &#8211; Bau- und Heimwerkerbedarf Handel &#8211; Beleuchtungsartikeln Handel <a class=\"more-link\" href=\"http:\/\/www.haknk.info\/toolino\/?page_id=1034\">weiterlesen&#8230;<\/a><\/p>\n","protected":false},"author":3,"featured_media":0,"parent":0,"menu_order":0,"comment_status":"closed","ping_status":"closed","template":"","meta":{"footnotes":""},"class_list":["post-1034","page","type-page","status-publish","hentry"],"_links":{"self":[{"href":"http:\/\/www.haknk.info\/toolino\/index.php?rest_route=\/wp\/v2\/pages\/1034","targetHints":{"allow":["GET"]}}],"collection":[{"href":"http:\/\/www.haknk.info\/toolino\/index.php?rest_route=\/wp\/v2\/pages"}],"about":[{"href":"http:\/\/www.haknk.info\/toolino\/index.php?rest_route=\/wp\/v2\/types\/page"}],"author":[{"embeddable":true,"href":"http:\/\/www.haknk.info\/toolino\/index.php?rest_route=\/wp\/v2\/users\/3"}],"replies":[{"embeddable":true,"href":"http:\/\/www.haknk.info\/toolino\/index.php?rest_route=%2Fwp%2Fv2%2Fcomments&post=1034"}],"version-history":[{"count":3,"href":"http:\/\/www.haknk.info\/toolino\/index.php?rest_route=\/wp\/v2\/pages\/1034\/revisions"}],"predecessor-version":[{"id":1601,"href":"http:\/\/www.haknk.info\/toolino\/index.php?rest_route=\/wp\/v2\/pages\/1034\/revisions\/1601"}],"wp:attachment":[{"href":"http:\/\/www.haknk.info\/toolino\/index.php?rest_route=%2Fwp%2Fv2%2Fmedia&parent=1034"}],"curies":[{"name":"wp","href":"https:\/\/api.w.org\/{rel}","templated":true}]}}